{"id":360,"date":"2019-10-15T02:53:00","date_gmt":"2019-10-15T00:53:00","guid":{"rendered":"http:\/\/192.168.1.104\/restaurant\/?page_id=9"},"modified":"2019-10-16T17:13:19","modified_gmt":"2019-10-16T15:13:19","slug":"welcome","status":"publish","type":"page","link":"https:\/\/www.hostalsantcarlo.com\/es\/","title":{"rendered":"Hostal Sant Carlo"},"content":{"rendered":"\n<style type=\"text\/css\" data-created_by=\"avia_inline_auto\" id=\"style-css-av-uum8-b3d0fa48c2bed02ec8b976a218fb8fd6\">\n.avia-section.av-uum8-b3d0fa48c2bed02ec8b976a218fb8fd6 .av-parallax .av-parallax-inner{\nbackground-repeat:no-repeat;\nbackground-image:url(https:\/\/www.hostalsantcarlo.com\/wp-content\/uploads\/2018\/07\/barcelona.jpg);\nbackground-position:50% 50%;\nbackground-attachment:scroll;\n}\n<\/style>\n<div id='av_section_1'  class='avia-section av-uum8-b3d0fa48c2bed02ec8b976a218fb8fd6 main_color avia-section-default avia-no-shadow  avia-builder-el-0  el_before_av_section  avia-builder-el-first  avia-full-stretch av-parallax-section avia-bg-style-parallax av-minimum-height av-minimum-height-custom av-height-custom  container_wrap sidebar_right'  data-section-bg-repeat='stretch' data-av_minimum_height_px='600'><div class='av-parallax' data-avia-parallax-ratio='0.3' ><div class='av-parallax-inner main_color avia-full-stretch'><\/div><\/div><div class='container av-section-cont-open' style='height:600px'><main  role=\"main\" itemprop=\"mainContentOfPage\"  class='template-page content  av-content-small alpha units'><div class='post-entry post-entry-type-page post-entry-360'><div class='entry-content-wrapper clearfix'>\n\n<style type=\"text\/css\" data-created_by=\"avia_inline_auto\" id=\"style-css-av-k1td18l0-1aadc4eaf0342b5175f736ac029ccd63\">\n#top .av-special-heading.av-k1td18l0-1aadc4eaf0342b5175f736ac029ccd63{\npadding-bottom:0;\ncolor:#ffffff;\nfont-size:60px;\n}\nbody .av-special-heading.av-k1td18l0-1aadc4eaf0342b5175f736ac029ccd63 .av-special-heading-tag .heading-char{\nfont-size:25px;\n}\n#top #wrap_all .av-special-heading.av-k1td18l0-1aadc4eaf0342b5175f736ac029ccd63 .av-special-heading-tag{\nfont-size:60px;\n}\n.av-special-heading.av-k1td18l0-1aadc4eaf0342b5175f736ac029ccd63 .special-heading-inner-border{\nborder-color:#ffffff;\n}\n.av-special-heading.av-k1td18l0-1aadc4eaf0342b5175f736ac029ccd63 .av-subheading{\nfont-size:18px;\n}\n\n@media only screen and (min-width: 480px) and (max-width: 767px){ \n#top #wrap_all .av-special-heading.av-k1td18l0-1aadc4eaf0342b5175f736ac029ccd63 .av-special-heading-tag{\nfont-size:0.8em;\n}\n}\n\n@media only screen and (max-width: 479px){ \n#top #wrap_all .av-special-heading.av-k1td18l0-1aadc4eaf0342b5175f736ac029ccd63 .av-special-heading-tag{\nfont-size:0.8em;\n}\n}\n<\/style>\n<div  class='av-special-heading av-k1td18l0-1aadc4eaf0342b5175f736ac029ccd63 av-special-heading-h1 custom-color-heading blockquote modern-quote  avia-builder-el-1  avia-builder-el-no-sibling  av-thin-font av-inherit-size'><h1 class='av-special-heading-tag '  itemprop=\"headline\"  >Bienvenido a <strong>Hostal Sant Carlo<\/strong><\/h1><div class='av_custom_color av-subheading av-subheading_below'><p>El hotel para tus momentos en Barcelona<br \/>\n<strong><a href=\"https:\/\/www.hostalsantcarlo.com\/reserva\">Reserva Ya<\/a><\/strong><\/p>\n<\/div><div class=\"special-heading-border\"><div class=\"special-heading-inner-border\"><\/div><\/div><\/div>\n\n<\/div><\/div><\/main><!-- close content main element --><\/div><\/div>\n<style type=\"text\/css\" data-created_by=\"avia_inline_auto\" id=\"style-css-av-29ey60-8dca3625bffc3a7cf58b77a84a121ba8\">\n.avia-section.av-29ey60-8dca3625bffc3a7cf58b77a84a121ba8{\nbackground-repeat:no-repeat;\nbackground-image:url(https:\/\/www.hostalsantcarlo.com\/wp-content\/uploads\/2014\/07\/fruit_bg.jpg);\nbackground-position:100% 100%;\nbackground-attachment:scroll;\n}\n<\/style>\n<div id='av_section_2'  class='avia-section av-29ey60-8dca3625bffc3a7cf58b77a84a121ba8 main_color avia-section-large avia-no-border-styling  avia-builder-el-2  el_after_av_section  avia-builder-el-last  avia-bg-style-scroll container_wrap sidebar_right'  data-section-bg-repeat='no-repeat'><div class='container av-section-cont-open' ><div class='template-page content  av-content-small alpha units'><div class='post-entry post-entry-type-page post-entry-360'><div class='entry-content-wrapper clearfix'>\n<div  class='flex_column av-229q4w-21a62944ebc8c81dfbe4324c14e470a0 av_two_third  avia-builder-el-3  el_before_av_one_third  avia-builder-el-first  first flex_column_div  '     ><div  class='avia-slideshow av-k1td1o2u-32973df2694ec063f2c26764406852f0 avia-slideshow-magazine av_slideshow avia-fade-slider  avia-builder-el-4  avia-builder-el-no-sibling  av-slideshow-ui av-control-default av-slideshow-autoplay av-loop-endless av-loop-manual-endless av-default-height-applied avia-slideshow-1' data-slideshow-options=\"{&quot;animation&quot;:&quot;fade&quot;,&quot;autoplay&quot;:true,&quot;loop_autoplay&quot;:&quot;endless&quot;,&quot;interval&quot;:5,&quot;loop_manual&quot;:&quot;manual-endless&quot;,&quot;autoplay_stopper&quot;:false,&quot;noNavigation&quot;:false,&quot;bg_slider&quot;:false,&quot;keep_padding&quot;:false,&quot;hoverpause&quot;:false,&quot;show_slide_delay&quot;:0}\"  itemprop=\"image\" itemscope=\"itemscope\" itemtype=\"https:\/\/schema.org\/ImageObject\" ><ul class='avia-slideshow-inner ' style='padding-bottom: 65.104166666667%;'><li  class='avia-slideshow-slide av-k1td1o2u-32973df2694ec063f2c26764406852f0__0  slide-1 slide-odd'><div data-rel='slideshow-1' class='avia-slide-wrap '   ><img decoding=\"async\" fetchpriority=\"high\" class=\"wp-image-998 avia-img-lazy-loading-not-998\"  src=\"https:\/\/www.hostalsantcarlo.com\/wp-content\/uploads\/2019\/10\/entrance-576x375.jpg\" width=\"576\" height=\"375\" title='entrance' alt=''  itemprop=\"thumbnailUrl\"   \/><\/div><\/li><li  class='avia-slideshow-slide av-k1td1o2u-32973df2694ec063f2c26764406852f0__1  slide-2 slide-even'><div data-rel='slideshow-1' class='avia-slide-wrap '   ><img decoding=\"async\" fetchpriority=\"high\" class=\"wp-image-1003 avia-img-lazy-loading-not-1003\"  src=\"https:\/\/www.hostalsantcarlo.com\/wp-content\/uploads\/2019\/10\/triple-room-710x375.jpg\" width=\"710\" height=\"375\" title='triple room' alt=''  itemprop=\"thumbnailUrl\"   \/><\/div><\/li><li  class='avia-slideshow-slide av-k1td1o2u-32973df2694ec063f2c26764406852f0__2  slide-3 slide-odd'><div data-rel='slideshow-1' class='avia-slide-wrap '   ><img decoding=\"async\" fetchpriority=\"high\" class=\"wp-image-999 avia-img-lazy-loading-not-999\"  src=\"https:\/\/www.hostalsantcarlo.com\/wp-content\/uploads\/2019\/10\/lobby-710x375.jpg\" width=\"710\" height=\"375\" title='lobby' alt=''  itemprop=\"thumbnailUrl\"   \/><\/div><\/li><\/ul><div class='avia-slideshow-arrows avia-slideshow-controls' ><a href='#prev' class='prev-slide ' aria-hidden='true' data-av_icon='\ue87c' data-av_iconfont='entypo-fontello'  tabindex='-1'>Anterior<\/a><a href='#next' class='next-slide ' aria-hidden='true' data-av_icon='\ue87d' data-av_iconfont='entypo-fontello'  tabindex='-1'>Posterior<\/a><\/div><div class='avia-slideshow-dots avia-slideshow-controls'><a href='#1' class='goto-slide active' >1<\/a><a href='#2' class='goto-slide ' >2<\/a><a href='#3' class='goto-slide ' >3<\/a><\/div><\/div><\/div>\n<style type=\"text\/css\" data-created_by=\"avia_inline_auto\" id=\"style-css-av-1dcl2g-20ae86edccc29d83ff6573caa434a925\">\n.flex_column.av-1dcl2g-20ae86edccc29d83ff6573caa434a925{\nborder-radius:0px 0px 0px 0px;\npadding:0px 0px 0px 0px;\n}\n<\/style>\n<div  class='flex_column av-1dcl2g-20ae86edccc29d83ff6573caa434a925 av_one_third  avia-builder-el-5  el_after_av_two_third  el_before_av_one_half  flex_column_div av-zero-column-padding  '     ><p>\n<style type=\"text\/css\" data-created_by=\"avia_inline_auto\" id=\"style-css-av-k1tf0c48-8d778321e7c0de96556220bb2cc79220\">\n#top .av-special-heading.av-k1tf0c48-8d778321e7c0de96556220bb2cc79220{\npadding-bottom:0;\n}\nbody .av-special-heading.av-k1tf0c48-8d778321e7c0de96556220bb2cc79220 .av-special-heading-tag .heading-char{\nfont-size:25px;\n}\n.av-special-heading.av-k1tf0c48-8d778321e7c0de96556220bb2cc79220 .av-subheading{\nfont-size:15px;\n}\n<\/style>\n<div  class='av-special-heading av-k1tf0c48-8d778321e7c0de96556220bb2cc79220 av-special-heading-h2 blockquote modern-quote  avia-builder-el-6  el_before_av_hr  avia-builder-el-first  av-thin-font'><h2 class='av-special-heading-tag '  itemprop=\"headline\"  >C\u00e9ntrico hostal a tan solo <strong>2min de las Ramblas<\/strong><\/h2><div class='av-subheading av-subheading_below'><p>Est\u00e1s a un solo click de vivir Barcelona!<\/p>\n<\/div><div class=\"special-heading-border\"><div class=\"special-heading-inner-border\"><\/div><\/div><\/div><br \/>\n\n<style type=\"text\/css\" data-created_by=\"avia_inline_auto\" id=\"style-css-av-15hk0w-f848c45a431317e17b8559e9a8f59a7f\">\n#top .hr.hr-invisible.av-15hk0w-f848c45a431317e17b8559e9a8f59a7f{\nheight:1px;\n}\n<\/style>\n<div  class='hr av-15hk0w-f848c45a431317e17b8559e9a8f59a7f hr-invisible  avia-builder-el-7  el_after_av_heading  el_before_av_textblock '><span class='hr-inner '><span class=\"hr-inner-style\"><\/span><\/span><\/div><br \/>\n<section  class='av_textblock_section av-k1td29nw-0e836ba80d8d6ea81972605b37b4655f '   itemscope=\"itemscope\" itemtype=\"https:\/\/schema.org\/CreativeWork\" ><div class='avia_textblock'  itemprop=\"text\" ><div>\n<p>El <strong>Hostal Sant Carlo<\/strong>, situado en pleno centro de Barcelona, se encuentra a menos de 3 minutos a pie de los lugares de inter\u00e9s tur\u00edstico m\u00e1s importantes de Barcelona, como la plaza de Catalu\u00f1a, las Ramblas o el paseo de Gracia.<\/p>\n<p>El Hostal Sant Carlo ofrece habitaciones funcionales con ba\u00f1o privado o compartido. Todas tienen suelos de baldosas, TV de pantalla plana y conexi\u00f3n Wi-Fi gratuita.<\/p>\n<\/div>\n<div>\n<ul>\n<li>Vive una experiencia \u00fanica: calidad, servicio, <strong>compromiso<\/strong>.<\/li>\n<li>Muchas opciones para alojarse (habitaciones individuales, dobles, triples, etc&#8230;).<\/li>\n<li>Relaci\u00f3n calidad\/precio inmejorable.<\/li>\n<\/ul>\n<\/div>\n<p>Para que disfrutes de una <strong>experiencia diferente<\/strong>.<\/p>\n<\/div><\/section><br \/>\n<div  class='avia-button-wrap av-y06hs-0e9ccff12c4330337f8351bb2fc8b226-wrap avia-button-center  avia-builder-el-9  el_after_av_textblock  avia-builder-el-last '><a href='https:\/\/www.hostalsantcarlo.com\/reserva'  class='avia-button av-y06hs-0e9ccff12c4330337f8351bb2fc8b226 av-link-btn avia-icon_select-yes-left-icon avia-size-small avia-position-center avia-color-theme-color'   aria-label=\"Reserva Ya\"><span class='avia_button_icon avia_button_icon_left' aria-hidden='true' data-av_icon='\ue85b' data-av_iconfont='entypo-fontello'><\/span><span class='avia_iconbox_title' >Reserva Ya<\/span><\/a><\/div><\/p><\/div><div  class='flex_column av-r07i8-30e675eca5222cfdbb574956667731dd av_one_half  avia-builder-el-10  el_after_av_one_third  el_before_av_one_half  first flex_column_div  column-top-margin'     ><p>\n<style type=\"text\/css\" data-created_by=\"avia_inline_auto\" id=\"style-css-av-k1td2h7y-c4e77e0b10d3451a2cca1d8924786e27\">\n.avia-image-container.av-k1td2h7y-c4e77e0b10d3451a2cca1d8924786e27 img.avia_image{\nbox-shadow:none;\n}\n.avia-image-container.av-k1td2h7y-c4e77e0b10d3451a2cca1d8924786e27 .av-caption-image-overlay-bg{\nopacity:0.4;\nbackground-color:#000000;\n}\n.avia-image-container.av-k1td2h7y-c4e77e0b10d3451a2cca1d8924786e27 .av-image-caption-overlay-center{\ncolor:#ffffff;\nfont-size:20px;\n}\n<\/style>\n<div  class='avia-image-container av-k1td2h7y-c4e77e0b10d3451a2cca1d8924786e27 av-styling- av-img-linked avia_animated_image av-animated-when-visible-95 pop-up avia-align-center  avia-builder-el-11  el_before_av_icon_box  avia-builder-el-first  noHover av-overlay-on-hover'   itemprop=\"image\" itemscope=\"itemscope\" itemtype=\"https:\/\/schema.org\/ImageObject\" ><div class=\"avia-image-container-inner\"><div class=\"avia-image-overlay-wrap\"><a href=\"https:\/\/www.hostalsantcarlo.com\/es\/descubre\/\" class='avia_image '  aria-label='entrance'><div class=\"av-image-caption-overlay\"><div class=\"av-caption-image-overlay-bg\"><\/div><div class=\"av-image-caption-overlay-position\"><div class=\"av-image-caption-overlay-center\"><p>M\u00e1s info&#8230;.<\/p>\n<\/div><\/div><\/div><img decoding=\"async\" fetchpriority=\"high\" class='wp-image-998 avia-img-lazy-loading-not-998 avia_image ' src=\"https:\/\/www.hostalsantcarlo.com\/wp-content\/uploads\/2019\/10\/entrance-495x400.jpg\" alt='' title='entrance'  height=\"400\" width=\"495\"  itemprop=\"thumbnailUrl\"  \/><\/a><\/div><\/div><\/div><br \/>\n<article  class='iconbox iconbox_left av-kpgp4-e53e65617344ae398f4537a312a26e81  avia-builder-el-12  el_after_av_image  avia-builder-el-last '  itemscope=\"itemscope\" itemtype=\"https:\/\/schema.org\/CreativeWork\" ><div class=\"iconbox_content\"><header class=\"entry-content-header\"><div class=\"iconbox_icon heading-color\" aria-hidden='true' data-av_icon='\ue808' data-av_iconfont='entypo-fontello'><\/div><h3 class='iconbox_content_title '  itemprop=\"headline\" ><a href='https:\/\/www.hostalsantcarlo.com\/es\/descubre\/' title='DESCUBRE EL HOTEL'  >DESCUBRE EL HOTEL<\/a><\/h3><\/header><div class='iconbox_content_container '  itemprop=\"text\" ><p>Descubre el hotel.<\/p>\n<p><a href=\"https:\/\/www.hostalsantcarlo.com\/descubre\/\"><strong>M\u00e1s info -><\/strong><\/a><\/p>\n<\/div><\/div><footer class=\"entry-footer\"><\/footer><\/article><\/p><\/div>\n<style type=\"text\/css\" data-created_by=\"avia_inline_auto\" id=\"style-css-av-g1954-467621b8280bf2adec92ff9fe526b379\">\n.flex_column.av-g1954-467621b8280bf2adec92ff9fe526b379{\nborder-radius:0px 0px 0px 0px;\npadding:0px 0px 0px 0px;\n}\n<\/style>\n<div  class='flex_column av-g1954-467621b8280bf2adec92ff9fe526b379 av_one_half  avia-builder-el-13  el_after_av_one_half  avia-builder-el-last  flex_column_div av-zero-column-padding  column-top-margin'     ><p>\n<style type=\"text\/css\" data-created_by=\"avia_inline_auto\" id=\"style-css-av-k1td2n16-c9cc53367bdfed43f2090c65078faad6\">\n.avia-image-container.av-k1td2n16-c9cc53367bdfed43f2090c65078faad6 img.avia_image{\nbox-shadow:none;\n}\n.avia-image-container.av-k1td2n16-c9cc53367bdfed43f2090c65078faad6 .av-caption-image-overlay-bg{\nopacity:0.4;\nbackground-color:#000000;\n}\n.avia-image-container.av-k1td2n16-c9cc53367bdfed43f2090c65078faad6 .av-image-caption-overlay-center{\ncolor:#ffffff;\nfont-size:20px;\n}\n<\/style>\n<div  class='avia-image-container av-k1td2n16-c9cc53367bdfed43f2090c65078faad6 av-styling- av-img-linked avia_animated_image av-animated-when-visible-95 pop-up avia-align-center  avia-builder-el-14  el_before_av_icon_box  avia-builder-el-first  noHover av-overlay-on-hover'   itemprop=\"image\" itemscope=\"itemscope\" itemtype=\"https:\/\/schema.org\/ImageObject\" ><div class=\"avia-image-container-inner\"><div class=\"avia-image-overlay-wrap\"><a href=\"https:\/\/www.hostalsantcarlo.com\/es\/habitaciones\/\" class='avia_image '  aria-label='triple room'><div class=\"av-image-caption-overlay\"><div class=\"av-caption-image-overlay-bg\"><\/div><div class=\"av-image-caption-overlay-position\"><div class=\"av-image-caption-overlay-center\"><p>M\u00e1s info&#8230;.<\/p>\n<\/div><\/div><\/div><img decoding=\"async\" fetchpriority=\"high\" class='wp-image-1003 avia-img-lazy-loading-not-1003 avia_image ' src=\"https:\/\/www.hostalsantcarlo.com\/wp-content\/uploads\/2019\/10\/triple-room-495x400.jpg\" alt='' title='triple room'  height=\"400\" width=\"495\"  itemprop=\"thumbnailUrl\" srcset=\"https:\/\/www.hostalsantcarlo.com\/wp-content\/uploads\/2019\/10\/triple-room-495x400.jpg 495w, https:\/\/www.hostalsantcarlo.com\/wp-content\/uploads\/2019\/10\/triple-room-845x684.jpg 845w\" sizes=\"(max-width: 495px) 100vw, 495px\" \/><\/a><\/div><\/div><\/div><br \/>\n<article  class='iconbox iconbox_left av-9jcm8-79bdf2e67e632ca86237b6d5a284647f  avia-builder-el-15  el_after_av_image  avia-builder-el-last '  itemscope=\"itemscope\" itemtype=\"https:\/\/schema.org\/CreativeWork\" ><div class=\"iconbox_content\"><header class=\"entry-content-header\"><div class=\"iconbox_icon heading-color\" aria-hidden='true' data-av_icon='\ue808' data-av_iconfont='entypo-fontello'><\/div><h3 class='iconbox_content_title '  itemprop=\"headline\" ><a href='https:\/\/www.hostalsantcarlo.com\/es\/habitaciones\/' title='HABITACIONES'  >HABITACIONES<\/a><\/h3><\/header><div class='iconbox_content_container '  itemprop=\"text\" ><p>Muchas configuraciones disponibles.<\/p>\n<p><a href=\"https:\/\/www.hostalsantcarlo.com\/habitaciones\/\"><strong>M\u00e1s info -><\/strong><\/a><\/p>\n<\/div><\/div><footer class=\"entry-footer\"><\/footer><\/article><\/p><\/div><\/div><\/div><\/div><!-- close content main div --><\/div><\/div><div id='after_section_2'  class='main_color av_default_container_wrap container_wrap sidebar_right'  ><div class='container av-section-cont-open' ><div class='template-page content  av-content-small alpha units'><div class='post-entry post-entry-type-page post-entry-360'><div class='entry-content-wrapper clearfix'>\n","protected":false},"excerpt":{"rendered":"","protected":false},"author":1,"featured_media":0,"parent":0,"menu_order":0,"comment_status":"open","ping_status":"open","template":"","meta":{"footnotes":""},"class_list":["post-360","page","type-page","status-publish","hentry"],"yoast_head":"<!-- This site is optimized with the Yoast SEO plugin v26.5 - https:\/\/yoast.com\/wordpress\/plugins\/seo\/ -->\n<title>Hostal Sant Carlo - Barcelona<\/title>\n<meta name=\"description\" content=\"Hostal Sant Carlo: tu \u2b50hostal\u2b50 en Barcelona. Situado a tan solo 2min de las Ramblas. La calidad te espera &gt;&gt;&gt;\" \/>\n<meta name=\"robots\" content=\"index, follow, max-snippet:-1, max-image-preview:large, max-video-preview:-1\" \/>\n<link rel=\"canonical\" href=\"https:\/\/www.hostalsantcarlo.com\/es\/\" \/>\n<meta property=\"og:locale\" content=\"es_ES\" \/>\n<meta property=\"og:type\" content=\"article\" \/>\n<meta property=\"og:title\" content=\"Hostal Sant Carlo - Barcelona\" \/>\n<meta property=\"og:description\" content=\"Hostal Sant Carlo: tu \u2b50hostal\u2b50 en Barcelona. Situado a tan solo 2min de las Ramblas. La calidad te espera &gt;&gt;&gt;\" \/>\n<meta property=\"og:url\" content=\"https:\/\/www.hostalsantcarlo.com\/es\/\" \/>\n<meta property=\"og:site_name\" content=\"Hostal Sant Carlo, Barcelona\" \/>\n<meta property=\"article:modified_time\" content=\"2019-10-16T15:13:19+00:00\" \/>\n<meta name=\"twitter:card\" content=\"summary_large_image\" \/>\n<meta name=\"twitter:label1\" content=\"Tiempo de lectura\" \/>\n\t<meta name=\"twitter:data1\" content=\"5 minutos\" \/>\n<script type=\"application\/ld+json\" class=\"yoast-schema-graph\">{\"@context\":\"https:\/\/schema.org\",\"@graph\":[{\"@type\":\"WebPage\",\"@id\":\"https:\/\/www.hostalsantcarlo.com\/es\/\",\"url\":\"https:\/\/www.hostalsantcarlo.com\/es\/\",\"name\":\"Hostal Sant Carlo - Barcelona\",\"isPartOf\":{\"@id\":\"https:\/\/www.hostalsantcarlo.com\/es\/#website\"},\"datePublished\":\"2019-10-15T00:53:00+00:00\",\"dateModified\":\"2019-10-16T15:13:19+00:00\",\"description\":\"Hostal Sant Carlo: tu \u2b50hostal\u2b50 en Barcelona. Situado a tan solo 2min de las Ramblas. La calidad te espera >>>\",\"breadcrumb\":{\"@id\":\"https:\/\/www.hostalsantcarlo.com\/es\/#breadcrumb\"},\"inLanguage\":\"es\",\"potentialAction\":[{\"@type\":\"ReadAction\",\"target\":[\"https:\/\/www.hostalsantcarlo.com\/es\/\"]}]},{\"@type\":\"BreadcrumbList\",\"@id\":\"https:\/\/www.hostalsantcarlo.com\/es\/#breadcrumb\",\"itemListElement\":[{\"@type\":\"ListItem\",\"position\":1,\"name\":\"Home\",\"item\":\"https:\/\/www.hostalsantcarlo.com\/es\/\"},{\"@type\":\"ListItem\",\"position\":2,\"name\":\"Hostal Sant Carlo\"}]},{\"@type\":\"WebSite\",\"@id\":\"https:\/\/www.hostalsantcarlo.com\/es\/#website\",\"url\":\"https:\/\/www.hostalsantcarlo.com\/es\/\",\"name\":\"Hostal Sant Carlo, Barcelona\",\"description\":\"Hostal Sant Carlo, Barcelona\",\"publisher\":{\"@id\":\"https:\/\/www.hostalsantcarlo.com\/es\/#organization\"},\"potentialAction\":[{\"@type\":\"SearchAction\",\"target\":{\"@type\":\"EntryPoint\",\"urlTemplate\":\"https:\/\/www.hostalsantcarlo.com\/es\/?s={search_term_string}\"},\"query-input\":{\"@type\":\"PropertyValueSpecification\",\"valueRequired\":true,\"valueName\":\"search_term_string\"}}],\"inLanguage\":\"es\"},{\"@type\":\"Organization\",\"@id\":\"https:\/\/www.hostalsantcarlo.com\/es\/#organization\",\"name\":\"Hostal Sant Carlo\",\"url\":\"https:\/\/www.hostalsantcarlo.com\/es\/\",\"logo\":{\"@type\":\"ImageObject\",\"inLanguage\":\"es\",\"@id\":\"https:\/\/www.hostalsantcarlo.com\/es\/#\/schema\/logo\/image\/\",\"url\":\"https:\/\/www.hostalsantcarlo.com\/wp-content\/uploads\/2019\/10\/Hostal-Sant-Carlo.png\",\"contentUrl\":\"https:\/\/www.hostalsantcarlo.com\/wp-content\/uploads\/2019\/10\/Hostal-Sant-Carlo.png\",\"width\":500,\"height\":500,\"caption\":\"Hostal Sant Carlo\"},\"image\":{\"@id\":\"https:\/\/www.hostalsantcarlo.com\/es\/#\/schema\/logo\/image\/\"}}]}<\/script>\n<!-- \/ Yoast SEO plugin. -->","yoast_head_json":{"title":"Hostal Sant Carlo - Barcelona","description":"Hostal Sant Carlo: tu \u2b50hostal\u2b50 en Barcelona. Situado a tan solo 2min de las Ramblas. La calidad te espera >>>","robots":{"index":"index","follow":"follow","max-snippet":"max-snippet:-1","max-image-preview":"max-image-preview:large","max-video-preview":"max-video-preview:-1"},"canonical":"https:\/\/www.hostalsantcarlo.com\/es\/","og_locale":"es_ES","og_type":"article","og_title":"Hostal Sant Carlo - Barcelona","og_description":"Hostal Sant Carlo: tu \u2b50hostal\u2b50 en Barcelona. Situado a tan solo 2min de las Ramblas. La calidad te espera >>>","og_url":"https:\/\/www.hostalsantcarlo.com\/es\/","og_site_name":"Hostal Sant Carlo, Barcelona","article_modified_time":"2019-10-16T15:13:19+00:00","twitter_card":"summary_large_image","twitter_misc":{"Tiempo de lectura":"5 minutos"},"schema":{"@context":"https:\/\/schema.org","@graph":[{"@type":"WebPage","@id":"https:\/\/www.hostalsantcarlo.com\/es\/","url":"https:\/\/www.hostalsantcarlo.com\/es\/","name":"Hostal Sant Carlo - Barcelona","isPartOf":{"@id":"https:\/\/www.hostalsantcarlo.com\/es\/#website"},"datePublished":"2019-10-15T00:53:00+00:00","dateModified":"2019-10-16T15:13:19+00:00","description":"Hostal Sant Carlo: tu \u2b50hostal\u2b50 en Barcelona. Situado a tan solo 2min de las Ramblas. La calidad te espera >>>","breadcrumb":{"@id":"https:\/\/www.hostalsantcarlo.com\/es\/#breadcrumb"},"inLanguage":"es","potentialAction":[{"@type":"ReadAction","target":["https:\/\/www.hostalsantcarlo.com\/es\/"]}]},{"@type":"BreadcrumbList","@id":"https:\/\/www.hostalsantcarlo.com\/es\/#breadcrumb","itemListElement":[{"@type":"ListItem","position":1,"name":"Home","item":"https:\/\/www.hostalsantcarlo.com\/es\/"},{"@type":"ListItem","position":2,"name":"Hostal Sant Carlo"}]},{"@type":"WebSite","@id":"https:\/\/www.hostalsantcarlo.com\/es\/#website","url":"https:\/\/www.hostalsantcarlo.com\/es\/","name":"Hostal Sant Carlo, Barcelona","description":"Hostal Sant Carlo, Barcelona","publisher":{"@id":"https:\/\/www.hostalsantcarlo.com\/es\/#organization"},"potentialAction":[{"@type":"SearchAction","target":{"@type":"EntryPoint","urlTemplate":"https:\/\/www.hostalsantcarlo.com\/es\/?s={search_term_string}"},"query-input":{"@type":"PropertyValueSpecification","valueRequired":true,"valueName":"search_term_string"}}],"inLanguage":"es"},{"@type":"Organization","@id":"https:\/\/www.hostalsantcarlo.com\/es\/#organization","name":"Hostal Sant Carlo","url":"https:\/\/www.hostalsantcarlo.com\/es\/","logo":{"@type":"ImageObject","inLanguage":"es","@id":"https:\/\/www.hostalsantcarlo.com\/es\/#\/schema\/logo\/image\/","url":"https:\/\/www.hostalsantcarlo.com\/wp-content\/uploads\/2019\/10\/Hostal-Sant-Carlo.png","contentUrl":"https:\/\/www.hostalsantcarlo.com\/wp-content\/uploads\/2019\/10\/Hostal-Sant-Carlo.png","width":500,"height":500,"caption":"Hostal Sant Carlo"},"image":{"@id":"https:\/\/www.hostalsantcarlo.com\/es\/#\/schema\/logo\/image\/"}}]}},"_links":{"self":[{"href":"https:\/\/www.hostalsantcarlo.com\/es\/wp-json\/wp\/v2\/pages\/360","targetHints":{"allow":["GET"]}}],"collection":[{"href":"https:\/\/www.hostalsantcarlo.com\/es\/wp-json\/wp\/v2\/pages"}],"about":[{"href":"https:\/\/www.hostalsantcarlo.com\/es\/wp-json\/wp\/v2\/types\/page"}],"author":[{"embeddable":true,"href":"https:\/\/www.hostalsantcarlo.com\/es\/wp-json\/wp\/v2\/users\/1"}],"replies":[{"embeddable":true,"href":"https:\/\/www.hostalsantcarlo.com\/es\/wp-json\/wp\/v2\/comments?post=360"}],"version-history":[{"count":5,"href":"https:\/\/www.hostalsantcarlo.com\/es\/wp-json\/wp\/v2\/pages\/360\/revisions"}],"predecessor-version":[{"id":981,"href":"https:\/\/www.hostalsantcarlo.com\/es\/wp-json\/wp\/v2\/pages\/360\/revisions\/981"}],"wp:attachment":[{"href":"https:\/\/www.hostalsantcarlo.com\/es\/wp-json\/wp\/v2\/media?parent=360"}],"curies":[{"name":"wp","href":"https:\/\/api.w.org\/{rel}","templated":true}]}}